{"id":16572,"date":"2026-04-28T09:55:27","date_gmt":"2026-04-28T09:55:27","guid":{"rendered":"https:\/\/oekobyg.dk\/?page_id=16572"},"modified":"2026-04-28T09:55:28","modified_gmt":"2026-04-28T09:55:28","slug":"kursus-i-lerpuds-paa-roervaev","status":"publish","type":"page","link":"https:\/\/oekobyg.dk\/?page_id=16572","title":{"rendered":"Kursus i Lerpuds p\u00e5 r\u00f8rv\u00e6v."},"content":{"rendered":"\n<p><strong>11. + 12. juli 2026 og 5. + 6. september 2026 begge weekender indbefattet.<\/strong><\/p>\n\n\n<div class=\"wp-block-image\">\n<figure class=\"alignright size-large is-resized\"><a href=\"https:\/\/oekobyg.dk\/wp-content\/uploads\/2026\/04\/IMG00042.jpg\"><img loading=\"lazy\" decoding=\"async\" data-attachment-id=\"16574\" data-permalink=\"https:\/\/oekobyg.dk\/?attachment_id=16574\" data-orig-file=\"https:\/\/oekobyg.dk\/wp-content\/uploads\/2026\/04\/IMG00042.jpg\" data-orig-size=\"960,1280\" data-comments-opened=\"0\" data-image-meta=\"{&quot;aperture&quot;:&quot;2.8&quot;,&quot;credit&quot;:&quot;&quot;,&quot;camera&quot;:&quot;Canon PowerShot A10&quot;,&quot;caption&quot;:&quot;&quot;,&quot;created_timestamp&quot;:&quot;1166636161&quot;,&quot;copyright&quot;:&quot;&quot;,&quot;focal_length&quot;:&quot;5.40625&quot;,&quot;iso&quot;:&quot;0&quot;,&quot;shutter_speed&quot;:&quot;0.016666666666667&quot;,&quot;title&quot;:&quot;&quot;,&quot;orientation&quot;:&quot;1&quot;}\" data-image-title=\"IMG00042\" data-image-description=\"\" data-image-caption=\"\" data-medium-file=\"https:\/\/oekobyg.dk\/wp-content\/uploads\/2026\/04\/IMG00042-225x300.jpg\" data-large-file=\"https:\/\/oekobyg.dk\/wp-content\/uploads\/2026\/04\/IMG00042-768x1024.jpg\" src=\"https:\/\/oekobyg.dk\/wp-content\/uploads\/2026\/04\/IMG00042-768x1024.jpg\" alt=\"\" class=\"wp-image-16574\" width=\"320\" height=\"426\" srcset=\"https:\/\/oekobyg.dk\/wp-content\/uploads\/2026\/04\/IMG00042-768x1024.jpg 768w, https:\/\/oekobyg.dk\/wp-content\/uploads\/2026\/04\/IMG00042-225x300.jpg 225w, https:\/\/oekobyg.dk\/wp-content\/uploads\/2026\/04\/IMG00042.jpg 960w\" sizes=\"auto, (max-width: 320px) 100vw, 320px\" \/><\/a><\/figure>\n<\/div>\n\n\n<p>Underviser Bjarne Grube Wickstr\u00f8m.&nbsp;&nbsp;&nbsp;&nbsp;&nbsp;&nbsp;&nbsp;&nbsp;&nbsp;&nbsp;&nbsp;&nbsp; &nbsp;&nbsp;&nbsp;&nbsp;&nbsp;&nbsp;&nbsp;&nbsp;&nbsp;&nbsp;&nbsp;&nbsp;&nbsp;&nbsp;&nbsp;<\/p>\n\n\n\n<p>Kurset foreg\u00e5r hos:<\/p>\n\n\n\n<p>De sydvendte spande<\/p>\n\n\n\n<p>Glorupvej 44<\/p>\n\n\n\n<p>5874 Hesselager<\/p>\n\n\n\n<p>Se tv-serie p\u00e5 DR2 \u201dKollektivet\u201d.<\/p>\n\n\n\n<p>Lerpuds er et naturmateriale der skaber et sundt og behageligt indeklima uden dampsp\u00e6rre.<\/p>\n\n\n\n<p>Kurset foreg\u00e5r over 2 weekender, da der er indbygget t\u00f8rretid mellem 1. og 2. lag. Alle f\u00e5r mulighed for at afpr\u00f8ve de forskellige teknikker og arbejdsgange.<\/p>\n\n\n\n<p>Pris: 3000,- incl. frokost &nbsp;eller 3500,- med overnatning i eget telt og med aftensmad l\u00f8rdag.<\/p>\n\n\n\n<p>Alle dage fra 9 \u2013 16.<\/p>\n\n\n\n<p>Tilmelding til Naja Sch\u00f8nemann tlf.: 22856075<\/p>\n\n\n\n<p>Eller: <a href=\"mailto:najaschonemann@gmail.com\">najaschonemann@gmail.com<\/a><\/p>\n\n\n\n<p>Senest 1. juli 2026<\/p>\n","protected":false},"excerpt":{"rendered":"<p>11. + 12. juli 2026 og 5. + 6. september 2026 begge weekender indbefattet. Underviser Bjarne Grube Wickstr\u00f8m.&nbsp;&nbsp;&nbsp;&nbsp;&nbsp;&nbsp;&nbsp;&nbsp;&nbsp;&nbsp;&nbsp;&nbsp; &nbsp;&nbsp;&nbsp;&nbsp;&nbsp;&nbsp;&nbsp;&nbsp;&nbsp;&nbsp;&nbsp;&nbsp;&nbsp;&nbsp;&nbsp; Kurset foreg\u00e5r hos: De sydvendte spande Glorupvej 44 5874 Hesselager Se tv-serie p\u00e5 DR2 \u201dKollektivet\u201d. Lerpuds er et naturmateriale der skaber et sundt og behageligt indeklima uden dampsp\u00e6rre. Kurset foreg\u00e5r over 2 weekender, da der er [&hellip;]<\/p>\n","protected":false},"author":2,"featured_media":0,"parent":2,"menu_order":7,"comment_status":"open","ping_status":"closed","template":"","meta":{"_mi_skip_tracking":false,"jetpack_post_was_ever_published":false,"footnotes":""},"class_list":["post-16572","page","type-page","status-publish","hentry"],"jetpack_sharing_enabled":true,"jetpack_shortlink":"https:\/\/wp.me\/P5TXPS-4ji","_links":{"self":[{"href":"https:\/\/oekobyg.dk\/index.php?rest_route=\/wp\/v2\/pages\/16572","targetHints":{"allow":["GET"]}}],"collection":[{"href":"https:\/\/oekobyg.dk\/index.php?rest_route=\/wp\/v2\/pages"}],"about":[{"href":"https:\/\/oekobyg.dk\/index.php?rest_route=\/wp\/v2\/types\/page"}],"author":[{"embeddable":true,"href":"https:\/\/oekobyg.dk\/index.php?rest_route=\/wp\/v2\/users\/2"}],"replies":[{"embeddable":true,"href":"https:\/\/oekobyg.dk\/index.php?rest_route=%2Fwp%2Fv2%2Fcomments&post=16572"}],"version-history":[{"count":1,"href":"https:\/\/oekobyg.dk\/index.php?rest_route=\/wp\/v2\/pages\/16572\/revisions"}],"predecessor-version":[{"id":16575,"href":"https:\/\/oekobyg.dk\/index.php?rest_route=\/wp\/v2\/pages\/16572\/revisions\/16575"}],"up":[{"embeddable":true,"href":"https:\/\/oekobyg.dk\/index.php?rest_route=\/wp\/v2\/pages\/2"}],"wp:attachment":[{"href":"https:\/\/oekobyg.dk\/index.php?rest_route=%2Fwp%2Fv2%2Fmedia&parent=16572"}],"curies":[{"name":"wp","href":"https:\/\/api.w.org\/{rel}","templated":true}]}}