{"id":2,"date":"2015-02-22T16:24:10","date_gmt":"2015-02-22T16:24:10","guid":{"rendered":"http:\/\/oekobyg.dk\/?page_id=2"},"modified":"2026-04-28T09:48:50","modified_gmt":"2026-04-28T09:48:50","slug":"eksempel-side","status":"publish","type":"page","link":"https:\/\/oekobyg.dk\/","title":{"rendered":"\u00d8ko-Byg"},"content":{"rendered":"\n<p class=\"has-vivid-cyan-blue-color has-text-color\">Se Cob-workshopvideo her: <a href=\"https:\/\/www.youtube.com\/watch?v=DpGlQz78YPo\">\u00d8kobyg COB workshop (youtube.com)<\/a><\/p>\n\n\n<p>Dette site vises bedst i Google Chrome!<\/p>\n<ul>\n<li>Jeg\u00a0producerer <a title=\"R\u00f8rv\u00e6v\" href=\"http:\/\/oekobyg.dk\/?page_id=25\">r\u00f8rv\u00e6v<\/a> til pudsearbejde p\u00e5 br\u00e6ddeforskalning.<\/li>\n<li>Jeg\u00a0har stor erfaring med <a title=\"Cob-byggeri\" href=\"http:\/\/oekobyg.dk\/?page_id=23\">Cob<\/a> byggeri og afholder <a href=\"http:\/\/oekobyg.dk\/?page_id=53\">Cobworkshops<\/a>.<\/li>\n<li>Jeg holder Workshops i udend\u00f8rs bageovn.<\/li>\n<li>Jeg holder kurser i lerpuds og lergulve.<\/li>\n<li>Jeg\u00a0tilbyder hj\u00e6lp til selvhj\u00e6lp med div. byggeopgaver indenfor ovenst\u00e5ende omr\u00e5der.<\/li>\n<li>Jeg\u00a0tilbyder rundsvisning p\u00e5 vores 7000 m2 store grund med selvforsyning af gr\u00f8ntsager, frugter, n\u00f8dder, br\u00e6nde og et lille dyrehold.<\/li>\n<li>Jeg\u00a0har ogs\u00e5 cob-huse med str\u00e5tag, diverse masseovne, multtoilet, energiskov og solceller.<\/li>\n<li>Sidste nyt: Jeg har \u00e5bnet Planteskolen Oasen med salg af bundd\u00e6kkeplanter til skovhaven.<\/li>\n<\/ul>\n<h1><strong>Min\u00a0m\u00e5ls\u00e6tning. \u00a0 \u00a0 \u00a0 \u00a0 <a href=\"http:\/\/oekobyg.dk\/wp-content\/uploads\/2015\/03\/IMG00047-e1427137364876.jpg\"><img loading=\"lazy\" decoding=\"async\" data-attachment-id=\"93\" data-permalink=\"https:\/\/oekobyg.dk\/?attachment_id=93\" data-orig-file=\"https:\/\/oekobyg.dk\/wp-content\/uploads\/2015\/03\/IMG00047-e1427137364876.jpg\" data-orig-size=\"260,195\" data-comments-opened=\"0\" data-image-meta=\"{&quot;aperture&quot;:&quot;2.8&quot;,&quot;credit&quot;:&quot;&quot;,&quot;camera&quot;:&quot;Canon PowerShot A10&quot;,&quot;caption&quot;:&quot;&quot;,&quot;created_timestamp&quot;:&quot;1109957649&quot;,&quot;copyright&quot;:&quot;&quot;,&quot;focal_length&quot;:&quot;5.40625&quot;,&quot;iso&quot;:&quot;0&quot;,&quot;shutter_speed&quot;:&quot;0.0125&quot;,&quot;title&quot;:&quot;&quot;,&quot;orientation&quot;:&quot;1&quot;}\" data-image-title=\"IMG00047\" data-image-description=\"\" data-image-caption=\"\" data-medium-file=\"https:\/\/oekobyg.dk\/wp-content\/uploads\/2015\/03\/IMG00047-300x225.jpg\" data-large-file=\"https:\/\/oekobyg.dk\/wp-content\/uploads\/2015\/03\/IMG00047-1024x768.jpg\" class=\"alignright size-medium wp-image-93\" src=\"http:\/\/oekobyg.dk\/wp-content\/uploads\/2015\/03\/IMG00047-300x225.jpg\" alt=\"IMG00047\" width=\"300\" height=\"225\" \/><\/a>\u00a0 \u00a0<\/strong><\/h1>\n<p>Jeg\u00a0vil gerne v\u00e6re med til at skabe nogle hyggelige hjem hvor mennesker holder af at v\u00e6re. Men jeg vil samtidig gerne v\u00e6rne om milj\u00f8et\u00a0s\u00e5 der ogs\u00e5 er mulighed for at de kommende generationer f\u00e5r nogle gode\u00a0levevilk\u00e5r.<br \/>Jeg mener det er n\u00f8dvendigt i vidt omfang at bruge lokale ressourcer s\u00e5 lidt\u00a0forarbejdet som muligt og med begr\u00e6nset brug af eller helt uden brug af\u00a0fossile br\u00e6ndsler.<br \/>Jeg\u00a0m\u00e5 i videst mulig omfang g\u00e5 ind i de naturlige kredsl\u00f8b og spille med p\u00e5\u00a0naturens pr\u00e6misser. Det kommer vi l\u00e6ngst med. Det kan godt lade sig g\u00f8re\u00a0uden at blive &#8220;bombet tilbage til stenalderen&#8221;.<\/p>\n<h1><img loading=\"lazy\" decoding=\"async\" data-attachment-id=\"31\" data-permalink=\"https:\/\/oekobyg.dk\/?attachment_id=31\" data-orig-file=\"https:\/\/oekobyg.dk\/wp-content\/uploads\/2015\/02\/IMG_3021.jpg\" data-orig-size=\"960,1280\" data-comments-opened=\"0\" data-image-meta=\"{&quot;aperture&quot;:&quot;2.8&quot;,&quot;credit&quot;:&quot;&quot;,&quot;camera&quot;:&quot;Canon PowerShot A10&quot;,&quot;caption&quot;:&quot;&quot;,&quot;created_timestamp&quot;:&quot;1127986309&quot;,&quot;copyright&quot;:&quot;&quot;,&quot;focal_length&quot;:&quot;5.40625&quot;,&quot;iso&quot;:&quot;0&quot;,&quot;shutter_speed&quot;:&quot;0.0015625&quot;,&quot;title&quot;:&quot;&quot;,&quot;orientation&quot;:&quot;0&quot;}\" data-image-title=\"IMG_3021\" data-image-description=\"\" data-image-caption=\"\" data-medium-file=\"https:\/\/oekobyg.dk\/wp-content\/uploads\/2015\/02\/IMG_3021-225x300.jpg\" data-large-file=\"https:\/\/oekobyg.dk\/wp-content\/uploads\/2015\/02\/IMG_3021-768x1024.jpg\" class=\" size-medium wp-image-31 alignright\" src=\"http:\/\/oekobyg.dk\/wp-content\/uploads\/2015\/02\/IMG_3021-225x300.jpg\" alt=\"IMG_3021\" width=\"225\" height=\"300\" srcset=\"https:\/\/oekobyg.dk\/wp-content\/uploads\/2015\/02\/IMG_3021-225x300.jpg 225w, https:\/\/oekobyg.dk\/wp-content\/uploads\/2015\/02\/IMG_3021-768x1024.jpg 768w, https:\/\/oekobyg.dk\/wp-content\/uploads\/2015\/02\/IMG_3021.jpg 960w\" sizes=\"auto, (max-width: 225px) 100vw, 225px\" \/>Derfor er nogle af n\u00f8gleordene:<\/h1>\n<ul>\n<li>Naturmaterialer<\/li>\n<li>Ren forbr\u00e6nding<\/li>\n<li>Kildesortering<\/li>\n<li>Ingen affald<\/li>\n<li>Genbrug<\/li>\n<li>Autonomi<\/li>\n<li>Vedvarende energi<!--more--><\/li>\n<\/ul>","protected":false},"excerpt":{"rendered":"<p>Se Cob-workshopvideo her: \u00d8kobyg COB workshop (youtube.com) Dette site vises bedst i Google Chrome! Jeg\u00a0producerer r\u00f8rv\u00e6v til pudsearbejde p\u00e5 br\u00e6ddeforskalning. Jeg\u00a0har stor erfaring med Cob byggeri og afholder Cobworkshops. Jeg holder Workshops i udend\u00f8rs bageovn. Jeg holder kurser i lerpuds og lergulve. Jeg\u00a0tilbyder hj\u00e6lp til selvhj\u00e6lp med div. byggeopgaver indenfor ovenst\u00e5ende omr\u00e5der. Jeg\u00a0tilbyder rundsvisning p\u00e5 [&hellip;]<\/p>\n","protected":false},"author":1,"featured_media":32,"parent":0,"menu_order":5,"comment_status":"open","ping_status":"open","template":"","meta":{"_mi_skip_tracking":false,"jetpack_post_was_ever_published":false,"footnotes":""},"class_list":["post-2","page","type-page","status-publish","has-post-thumbnail","hentry"],"jetpack_sharing_enabled":true,"jetpack_shortlink":"https:\/\/wp.me\/P5TXPS-2","_links":{"self":[{"href":"https:\/\/oekobyg.dk\/index.php?rest_route=\/wp\/v2\/pages\/2","targetHints":{"allow":["GET"]}}],"collection":[{"href":"https:\/\/oekobyg.dk\/index.php?rest_route=\/wp\/v2\/pages"}],"about":[{"href":"https:\/\/oekobyg.dk\/index.php?rest_route=\/wp\/v2\/types\/page"}],"author":[{"embeddable":true,"href":"https:\/\/oekobyg.dk\/index.php?rest_route=\/wp\/v2\/users\/1"}],"replies":[{"embeddable":true,"href":"https:\/\/oekobyg.dk\/index.php?rest_route=%2Fwp%2Fv2%2Fcomments&post=2"}],"version-history":[{"count":47,"href":"https:\/\/oekobyg.dk\/index.php?rest_route=\/wp\/v2\/pages\/2\/revisions"}],"predecessor-version":[{"id":16571,"href":"https:\/\/oekobyg.dk\/index.php?rest_route=\/wp\/v2\/pages\/2\/revisions\/16571"}],"wp:featuredmedia":[{"embeddable":true,"href":"https:\/\/oekobyg.dk\/index.php?rest_route=\/wp\/v2\/media\/32"}],"wp:attachment":[{"href":"https:\/\/oekobyg.dk\/index.php?rest_route=%2Fwp%2Fv2%2Fmedia&parent=2"}],"curies":[{"name":"wp","href":"https:\/\/api.w.org\/{rel}","templated":true}]}}