{"id":25,"date":"2015-03-09T19:40:39","date_gmt":"2015-03-09T19:40:39","guid":{"rendered":"http:\/\/oekobyg.dk\/?page_id=25"},"modified":"2026-01-05T16:16:00","modified_gmt":"2026-01-05T16:16:00","slug":"roervaev","status":"publish","type":"page","link":"https:\/\/oekobyg.dk\/?page_id=25","title":{"rendered":"R\u00f8rv\u00e6v"},"content":{"rendered":"<h1><\/h1>\n<h1><a href=\"http:\/\/oekobyg.dk\">Salg af R\u00f8rv\u00e6v<\/a>.<\/h1>\n<h4><strong>Vi producerer r\u00f8rv\u00e6v og <a href=\"http:\/\/oekobyg.dk\">s\u00e6lger<\/a> gerne til private og h\u00e5ndv\u00e6rksmestre<\/strong>.<\/h4>\n<p>I mange \u00e6ldre huse med pudsede lofter er der brugt r\u00f8rv\u00e6v til at f\u00e5 pudset til at h\u00e6nge fast.\u00a0Der var indtil gipsens indtog v\u00e6vestuer over hele landet og r\u00f8rv\u00e6v blev brugt i store m\u00e6ngder. Gipsen har gjort mange ting lettere, men gips kan i mods\u00e6tning til ler eller kalkpuds ikke virke som dampbremse, hvilket g\u00f8r at man m\u00e5 s\u00e6tte dampsp\u00e6rre op n\u00e5r man bruger gips. Dampsp\u00e6rre kan med fordel udelades ved brug af r\u00f8rv\u00e6v og<\/p>\n<h1><a href=\"http:\/\/oekobyg.dk\/wp-content\/uploads\/2016\/02\/R\u00f8rv\u00e6vermaskinen.jpg\" rel=\"attachment wp-att-368\"><img loading=\"lazy\" decoding=\"async\" data-attachment-id=\"368\" data-permalink=\"https:\/\/oekobyg.dk\/?attachment_id=368\" data-orig-file=\"https:\/\/oekobyg.dk\/wp-content\/uploads\/2016\/02\/R\u00f8rv\u00e6vermaskinen.jpg\" data-orig-size=\"482,361\" data-comments-opened=\"0\" data-image-meta=\"{&quot;aperture&quot;:&quot;0&quot;,&quot;credit&quot;:&quot;&quot;,&quot;camera&quot;:&quot;&quot;,&quot;caption&quot;:&quot;&quot;,&quot;created_timestamp&quot;:&quot;0&quot;,&quot;copyright&quot;:&quot;&quot;,&quot;focal_length&quot;:&quot;0&quot;,&quot;iso&quot;:&quot;0&quot;,&quot;shutter_speed&quot;:&quot;0&quot;,&quot;title&quot;:&quot;&quot;,&quot;orientation&quot;:&quot;0&quot;}\" data-image-title=\"R\u00f8rv\u00e6vermaskinen\" data-image-description=\"\" data-image-caption=\"\" data-medium-file=\"https:\/\/oekobyg.dk\/wp-content\/uploads\/2016\/02\/R\u00f8rv\u00e6vermaskinen-300x225.jpg\" data-large-file=\"https:\/\/oekobyg.dk\/wp-content\/uploads\/2016\/02\/R\u00f8rv\u00e6vermaskinen.jpg\" class=\"size-medium wp-image-368 alignright\" src=\"http:\/\/oekobyg.dk\/wp-content\/uploads\/2016\/02\/R\u00f8rv\u00e6vermaskinen-300x225.jpg\" alt=\"R\u00f8rv\u00e6vermaskinen\" width=\"300\" height=\"225\" srcset=\"https:\/\/oekobyg.dk\/wp-content\/uploads\/2016\/02\/R\u00f8rv\u00e6vermaskinen-300x225.jpg 300w, https:\/\/oekobyg.dk\/wp-content\/uploads\/2016\/02\/R\u00f8rv\u00e6vermaskinen.jpg 482w\" sizes=\"auto, (max-width: 300px) 100vw, 300px\" \/><\/a><\/h1>\n<p>ler-\/kalkpuds.\u00a0Gipsen bliver tit p\u00e5h\u00e6ftet glasv\u00e6v, strukturmaling eller lignende for at kompensere for den &#8220;kedelige&#8221; glatte overflade. M\u00f8rtelpuds giver en naturlig rustik overflade.<\/p>\n<p>R\u00f8rv\u00e6v er t\u00e6kker\u00f8r sorteret og afhugget i l\u00e6ngder fra 127 cm., 143 cm., 159 cm., 175 cm og\u00a0190 cm. og v\u00e6vet p\u00e5 galvaniseret st\u00e5ltr\u00e5d med en meget tynd rustfri tr\u00e5d. Der er ca. 15 m2 i en\u00a0rulle.<\/p>\n<h1 style=\"text-align: left;\" align=\"right\">Hvordan bruges r\u00f8rv\u00e6v?<\/h1>\n<p>R\u00f8rv\u00e6v kan p\u00e5h\u00e6ftes s\u00e5vel lodrette som vandrette og skr\u00e5 flader bekl\u00e6dt med forskalningsbr\u00e6dder. Der skal\u00a0 v\u00e6re lidt luft mellem forskalningsbr\u00e6dderne\u00a0og r\u00f8rv\u00e6vet skal h\u00e6ftes &#8220;stramt&#8221; p\u00e5 s\u00e5ledes at de enkelte r\u00f8r vender vinkelret p\u00e5 br\u00e6ddernes l\u00e6ngderetning.<a href=\"http:\/\/oekobyg.dk\/wp-content\/uploads\/2016\/02\/IMG00048.jpg\" rel=\"attachment wp-att-366\"><img loading=\"lazy\" decoding=\"async\" data-attachment-id=\"366\" data-permalink=\"https:\/\/oekobyg.dk\/?attachment_id=366\" data-orig-file=\"https:\/\/oekobyg.dk\/wp-content\/uploads\/2016\/02\/IMG00048.jpg\" data-orig-size=\"960,1280\" data-comments-opened=\"0\" data-image-meta=\"{&quot;aperture&quot;:&quot;2.8&quot;,&quot;credit&quot;:&quot;&quot;,&quot;camera&quot;:&quot;Canon PowerShot A10&quot;,&quot;caption&quot;:&quot;&quot;,&quot;created_timestamp&quot;:&quot;1176744937&quot;,&quot;copyright&quot;:&quot;&quot;,&quot;focal_length&quot;:&quot;5.40625&quot;,&quot;iso&quot;:&quot;0&quot;,&quot;shutter_speed&quot;:&quot;0.016666666666667&quot;,&quot;title&quot;:&quot;&quot;,&quot;orientation&quot;:&quot;1&quot;}\" data-image-title=\"IMG00048\" data-image-description=\"\" data-image-caption=\"\" data-medium-file=\"https:\/\/oekobyg.dk\/wp-content\/uploads\/2016\/02\/IMG00048-225x300.jpg\" data-large-file=\"https:\/\/oekobyg.dk\/wp-content\/uploads\/2016\/02\/IMG00048-768x1024.jpg\" class=\"size-medium wp-image-366 alignright\" src=\"http:\/\/oekobyg.dk\/wp-content\/uploads\/2016\/02\/IMG00048-225x300.jpg\" alt=\"IMG00048\" width=\"225\" height=\"300\" srcset=\"https:\/\/oekobyg.dk\/wp-content\/uploads\/2016\/02\/IMG00048-225x300.jpg 225w, https:\/\/oekobyg.dk\/wp-content\/uploads\/2016\/02\/IMG00048-768x1024.jpg 768w, https:\/\/oekobyg.dk\/wp-content\/uploads\/2016\/02\/IMG00048.jpg 960w\" sizes=\"auto, (max-width: 225px) 100vw, 225px\" \/><\/a><\/p>\n<p>M\u00f8rtel p\u00e5f\u00f8res af to omgange<\/p>\n<ul>\n<li>1. Udkast<\/li>\n<li>2. F\u00e6rdig overflade.<\/li>\n<\/ul>\n<p>Lerm\u00f8rtel har den fordel frem for kalkm\u00f8rtel at der ikke er brugt anden energi til fremstilling end opgravning og findeling hvorimod kalkm\u00f8rtel er fremstillet p\u00e5 basis af br\u00e6ndt kalk som kr\u00e6ver store m\u00e6ngder energi. Desuden har ubr\u00e6ndt ler en bedre evne til at regulere luftfugtighed og er dermed bedre for indeklimaet.<\/p>\n<p>Her er en lille video fra YouTube som viser hvordan man g\u00f8r!<\/p>\n<p><span class=\"embed-youtube\" style=\"text-align:center; display: block;\"><iframe loading=\"lazy\" class=\"youtube-player\" width=\"640\" height=\"360\" src=\"https:\/\/www.youtube.com\/embed\/hQUIqDVFDqU?version=3&#038;rel=1&#038;showsearch=0&#038;showinfo=1&#038;iv_load_policy=1&#038;fs=1&#038;hl=da-DK&#038;autohide=2&#038;wmode=transparent\" allowfullscreen=\"true\" style=\"border:0;\" sandbox=\"allow-scripts allow-same-origin allow-popups allow-presentation\"><\/iframe><\/span><\/p>\n<h1>Pris:<\/h1>\n<ul>\n<li>\n<h5><a href=\"http:\/\/oekobyg.dk\">1 til 9 rl. r\u00f8rv\u00e6v 520,- + moms og evt. fragt pr. rulle (ca. 15 m2).<\/a><\/h5>\n<\/li>\n<li>\n<h5><a href=\"http:\/\/oekobyg.dk\">10 til 49 rl. r\u00f8rv\u00e6v 480,- + moms og evt. fragt pr. rulle (ca. 15 m2) .<\/a><\/h5>\n<\/li>\n<li>\n<h5><a href=\"http:\/\/oekobyg.dk\">Fra 50 rl. r\u00f8rv\u00e6v 435,- + moms og evt. fragt pr. rulle (ca. 15 m2).<\/a><\/h5>\n<\/li>\n<\/ul>\n","protected":false},"excerpt":{"rendered":"<p>Salg af R\u00f8rv\u00e6v. Vi producerer r\u00f8rv\u00e6v og s\u00e6lger gerne til private og h\u00e5ndv\u00e6rksmestre. I mange \u00e6ldre huse med pudsede lofter er der brugt r\u00f8rv\u00e6v til at f\u00e5 pudset til at h\u00e6nge fast.\u00a0Der var indtil gipsens indtog v\u00e6vestuer over hele landet og r\u00f8rv\u00e6v blev brugt i store m\u00e6ngder. Gipsen har gjort mange ting lettere, men gips [&hellip;]<\/p>\n","protected":false},"author":2,"featured_media":0,"parent":0,"menu_order":20,"comment_status":"closed","ping_status":"closed","template":"","meta":{"_mi_skip_tracking":false,"jetpack_post_was_ever_published":false,"footnotes":""},"class_list":["post-25","page","type-page","status-publish","hentry"],"jetpack_sharing_enabled":true,"jetpack_shortlink":"https:\/\/wp.me\/P5TXPS-p","_links":{"self":[{"href":"https:\/\/oekobyg.dk\/index.php?rest_route=\/wp\/v2\/pages\/25","targetHints":{"allow":["GET"]}}],"collection":[{"href":"https:\/\/oekobyg.dk\/index.php?rest_route=\/wp\/v2\/pages"}],"about":[{"href":"https:\/\/oekobyg.dk\/index.php?rest_route=\/wp\/v2\/types\/page"}],"author":[{"embeddable":true,"href":"https:\/\/oekobyg.dk\/index.php?rest_route=\/wp\/v2\/users\/2"}],"replies":[{"embeddable":true,"href":"https:\/\/oekobyg.dk\/index.php?rest_route=%2Fwp%2Fv2%2Fcomments&post=25"}],"version-history":[{"count":43,"href":"https:\/\/oekobyg.dk\/index.php?rest_route=\/wp\/v2\/pages\/25\/revisions"}],"predecessor-version":[{"id":16522,"href":"https:\/\/oekobyg.dk\/index.php?rest_route=\/wp\/v2\/pages\/25\/revisions\/16522"}],"wp:attachment":[{"href":"https:\/\/oekobyg.dk\/index.php?rest_route=%2Fwp%2Fv2%2Fmedia&parent=25"}],"curies":[{"name":"wp","href":"https:\/\/api.w.org\/{rel}","templated":true}]}}